{"id":17,"date":"2021-03-05T10:59:48","date_gmt":"2021-03-05T10:59:48","guid":{"rendered":"http:\/\/13.250.35.20\/?page_id=17"},"modified":"2021-03-18T16:38:42","modified_gmt":"2021-03-18T09:38:42","slug":"gioi-thieu","status":"publish","type":"page","link":"http:\/\/www.tritueso.com.vn\/en\/gioi-thieu","title":{"rendered":"About us"},"content":{"rendered":"<div id=\"text-2803650375\" class=\"text hidden\">\n\t\t\n\n\n\t\t\n<style>\n#text-2803650375 {\n  font-size: 1.5rem;\n  line-height: 1.75;\n  text-align: left;\n  color: rgb(22, 28, 134);\n}\n#text-2803650375 > * {\n  color: rgb(22, 28, 134);\n}\n<\/style>\n\t<\/div>\n\t\n\t<section class=\"section\" id=\"section_410120650\">\n\t\t<div class=\"bg section-bg fill bg-fill\" >\n\n\t\t\t\n\t\t\t<div class=\"section-bg-overlay absolute fill\"><\/div><div class=\"effect-sparkle bg-effect fill no-click\"><\/div>\n\t\t\t\n\n\t\t<\/div>\n\n\t\t<div class=\"section-content relative\">\n\t\t\t\n\n<div class=\"row row-collapse align-center\"  id=\"row-1820793462\">\n\n\n\t<div id=\"col-397412061\" class=\"col medium-5 small-12 large-5\"  >\n\t\t<div class=\"col-inner text-left\"  >\n\t\t\t\n\t\t\t\n\n\n  <div class=\"banner has-hover\" id=\"banner-424234370\">\n          <div class=\"banner-inner fill\">\n        <div class=\"banner-bg fill\" >\n            <div class=\"bg fill bg-fill\"><\/div>\n                        <div class=\"overlay\"><\/div>            \n            <div class=\"effect-sparkle bg-effect fill no-click\"><\/div>        <\/div>\n        <div class=\"banner-layers container\">\n            <div class=\"fill banner-link\"><\/div>            \n\n   <div id=\"text-box-776633419\" class=\"text-box banner-layer x50 md-x50 lg-x50 y50 md-y50 lg-y50 res-text\">\n                                <div class=\"text-box-content text dark\">\n              \n              <div class=\"text-inner text-center\">\n                  \n\n<h1 class=\"uppercase\"><strong><\/strong><\/h1>\n<p><span style=\"font-size: 200%;\"><strong>&#8220;WE DON\u2019T JUST SELL, WE SOLVE&#8221;<\/strong><br>\n<\/span><\/p>\n<div class=\"social-icons follow-icons\" style=\"font-size:149%\"><a href=\"https:\/\/www.facebook.com\/Tr%C3%AD-Tu%E1%BB%87-S%E1%BB%91-103879584532129\/\" target=\"_blank\" data-label=\"Facebook\"  rel=\"noopener noreferrer nofollow\" class=\"icon button circle is-outline facebook tooltip\" title=\"Follow on Facebook\"><i class=\"icon-facebook\" ><\/i><\/a><a href=\"mailto:info@tritueso.com.vn\" data-label=\"E-mail\"  rel=\"nofollow\" class=\"icon button circle is-outline  email tooltip\" title=\"Send us an email\"><i class=\"icon-envelop\" ><\/i><\/a><a href=\"tel:(028) 71000072\" target=\"_blank\"  data-label=\"Phone\"  rel=\"noopener noreferrer nofollow\" class=\"icon button circle is-outline  phone tooltip\" title=\"Call us\"><i class=\"icon-phone\" ><\/i><\/a><\/div>\n\n\n              <\/div>\n           <\/div>\n                            \n<style>\n#text-box-776633419 {\n  width: 85%;\n}\n#text-box-776633419 .text-box-content {\n  font-size: 100%;\n}\n<\/style>\n    <\/div>\n \n\n        <\/div>\n      <\/div>\n\n            \n<style>\n#banner-424234370 {\n  padding-top: 500px;\n}\n#banner-424234370 .bg.bg-loaded {\n  background-image: url(http:\/\/www.tritueso.com.vn\/wp-content\/uploads\/2021\/03\/barcode-device-1024x1024.jpg);\n}\n#banner-424234370 .overlay {\n  background-color: rgba(75, 105, 174, 0.8);\n}\n<\/style>\n  <\/div>\n\n\n\n\t\t<\/div>\n\t\t\t<\/div>\n\n\t\n\n\t<div id=\"col-1848648527\" class=\"col medium-7 small-12 large-7\"  >\n\t\t<div class=\"col-inner\"  >\n\t\t\t\n\t\t\t\n\n\n  <div class=\"banner has-hover\" id=\"banner-309570228\">\n          <div class=\"banner-inner fill\">\n        <div class=\"banner-bg fill\" >\n            <div class=\"bg fill bg-fill\"><\/div>\n                                    \n                    <\/div>\n        <div class=\"banner-layers container\">\n            <div class=\"fill banner-link\"><\/div>            \n\n   <div id=\"text-box-370838210\" class=\"text-box banner-layer x50 md-x50 lg-x50 y50 md-y50 lg-y50 res-text\">\n                                <div class=\"text-box-content text\">\n              \n              <div class=\"text-inner text-center\">\n                  \n\n\t<div id=\"gap-578768542\" class=\"gap-element clearfix\" style=\"display:block; height:auto;\">\n\t\t\n<style>\n#gap-578768542 {\n  padding-top: 15px;\n}\n<\/style>\n\t<\/div>\n\t\n\n\t<div id=\"text-4250138430\" class=\"text\">\n\t\t\n\n<h4><center><strong>V\u1ec0 CH\u00daNG T\u00d4I<\/strong><\/center><\/h4>\n<p><span style=\"font-size: 115%;text-align:justify;\">&nbsp; &nbsp; &nbsp; C\u00f4ng ty TNHH TMDV Tr\u00ed Tu\u1ec7 S\u1ed1 l\u00e0 m\u1ed9t trong nh\u1eefng c\u00f4ng ty h\u00e0ng \u0111\u1ea7u trong l\u0129nh v\u1ef1c m\u00e3 v\u1ea1ch t\u1ea1i Vi\u1ec7t Nam. \u0110\u01b0\u1ee3c th\u00e0nh l\u1eadp t\u1eeb n\u0103m 2011, v\u1edbi h\u01a1n 10 n\u0103m ph\u00e1t tri\u1ec3n ch\u00fang t\u00f4i \u0111\u00e3 tr\u1edf th\u00e0nh \u0111\u1ed1i t\u00e1c c\u1ee7a nh\u1eefng th\u01b0\u01a1ng hi\u1ec7u n\u1ed5i ti\u1ebfng c\u1ee7a th\u1ebf gi\u1edbi trong l\u0129nh v\u1ef1c barcode nh\u01b0&nbsp;<br>&nbsp; &nbsp;&#8211; Honeywell, Zebra l\u00e0 nh\u00e0 nh\u1eefng cung c\u1ea5p thi\u1ebft b\u1ecb m\u00e1y in, m\u00e1y qu\u00e9t m\u00e3 v\u1ea1ch h\u00e0ng \u0111\u1ea7u c\u1ee7a th\u1ebf gi\u1edbi.&nbsp;<br>&nbsp; &nbsp;&#8211; Cino: nh\u00e0 s\u1ea3n xu\u1ea5t thi\u1ebft b\u1ecb m\u00e3 v\u1ea1ch t\u1ea1i \u0110\u00e0i Loan.<br>&nbsp; &nbsp;&#8211; Brenmoor: nh\u00e0 s\u1ea3n xu\u1ea5t v\u00f2ng \u0111eo tay \u0111\u1ecbnh danh cho b\u1ec7nh nh\u00e2n h\u00e0ng \u0111\u1ea7u t\u1ea1i Anh Qu\u1ed1c.&nbsp;<br>&nbsp; &nbsp; Ngo\u00e0i vi\u1ec7c cung c\u1ea5p c\u00e1c thi\u1ebft b\u1ecb barcode, v\u1edbi \u0111\u1ed9i ng\u0169 nh\u00e2n vi\u00ean nhi\u1ec1u n\u0103m kinh nghi\u1ec7m ch\u00fang t\u00f4i kh\u00f4ng ch\u1ec9 b\u00e1n h\u00e0ng, ch\u00fang t\u00f4i s\u1ebd t\u01b0 v\u1ea5n \u0111\u1ec3 Qu\u00fd kh\u00e1ch h\u00e0ng c\u00f3 th\u1ec3 ch\u1ecdn \u0111\u01b0\u1ee3c m\u1ed9t gi\u1ea3i ph\u00e1p ho\u00e0n h\u1ea3o, ch\u1ecdn \u0111\u01b0\u1ee3c nh\u1eefng thi\u1ebft b\u1ecb \u0111\u00fang v\u1edbi nhu c\u1ea7u s\u1eed d\u1ee5ng, c\u0169ng nh\u01b0 ch\u1ecdn \u0111\u01b0\u1ee3c \u0111\u00fang lo\u1ea1i nh\u00e3n v\u00e0 m\u1ef1c cho m\u00e1y in m\u00e3 v\u1ea1ch ph\u00f9 h\u1ee3p v\u1edbi nhu c\u1ea7u \u1ee9ng d\u1ee5ng barcode. \u0110\u00fang v\u1edbi kh\u1ea9u hi\u1ec7u c\u1ee7a ch\u00fang t\u00f4i<strong> \u201cWe don\u2019t just Sell, we Solve\u201d<\/strong><\/span><\/p>\n\t\t\n<style>\n#text-4250138430 {\n  line-height: 2;\n  text-align: left;\n}\n<\/style>\n\t<\/div>\n\t\n\t<div id=\"gap-2097781612\" class=\"gap-element clearfix\" style=\"display:block; height:auto;\">\n\t\t\n<style>\n#gap-2097781612 {\n  padding-top: 5px;\n}\n<\/style>\n\t<\/div>\n\t\n\n\n              <\/div>\n           <\/div>\n                            \n<style>\n#text-box-370838210 {\n  width: 81%;\n}\n#text-box-370838210 .text-box-content {\n  font-size: 100%;\n}\n<\/style>\n    <\/div>\n \n\n        <\/div>\n      <\/div>\n\n            \n<style>\n#banner-309570228 {\n  padding-top: 500px;\n  background-color: rgb(255,255,255);\n}\n<\/style>\n  <\/div>\n\n\n\n\t\t<\/div>\n\t\t\t<\/div>\n\n\t\n\n<\/div>\n\n\t\t<\/div>\n\n\t\t\n<style>\n#section_410120650 {\n  padding-top: 0px;\n  padding-bottom: 0px;\n}\n#section_410120650 .section-bg-overlay {\n  background-color: rgba(0, 0, 0, 0.26);\n}\n#section_410120650 .section-bg.bg-loaded {\n  background-image: url(http:\/\/www.tritueso.com.vn\/wp-content\/uploads\/2021\/03\/unsplash32-1-of-1.jpg);\n}\n#section_410120650 .section-bg {\n  background-position: 33% 100%;\n}\n@media (min-width:550px) {\n  #section_410120650 {\n    padding-top: 50px;\n    padding-bottom: 50px;\n  }\n}\n<\/style>\n\t<\/section>","protected":false},"excerpt":{"rendered":"","protected":false},"author":1,"featured_media":0,"parent":0,"menu_order":0,"comment_status":"closed","ping_status":"closed","template":"","meta":{"footnotes":""},"class_list":["post-17","page","type-page","status-publish","hentry"],"_links":{"self":[{"href":"http:\/\/www.tritueso.com.vn\/en\/wp-json\/wp\/v2\/pages\/17","targetHints":{"allow":["GET"]}}],"collection":[{"href":"http:\/\/www.tritueso.com.vn\/en\/wp-json\/wp\/v2\/pages"}],"about":[{"href":"http:\/\/www.tritueso.com.vn\/en\/wp-json\/wp\/v2\/types\/page"}],"author":[{"embeddable":true,"href":"http:\/\/www.tritueso.com.vn\/en\/wp-json\/wp\/v2\/users\/1"}],"replies":[{"embeddable":true,"href":"http:\/\/www.tritueso.com.vn\/en\/wp-json\/wp\/v2\/comments?post=17"}],"version-history":[{"count":22,"href":"http:\/\/www.tritueso.com.vn\/en\/wp-json\/wp\/v2\/pages\/17\/revisions"}],"predecessor-version":[{"id":465,"href":"http:\/\/www.tritueso.com.vn\/en\/wp-json\/wp\/v2\/pages\/17\/revisions\/465"}],"wp:attachment":[{"href":"http:\/\/www.tritueso.com.vn\/en\/wp-json\/wp\/v2\/media?parent=17"}],"curies":[{"name":"wp","href":"https:\/\/api.w.org\/{rel}","templated":true}]}}