{"id":61,"date":"2021-03-06T11:05:47","date_gmt":"2021-03-06T11:05:47","guid":{"rendered":"http:\/\/13.250.35.20\/?page_id=61"},"modified":"2023-08-07T10:18:08","modified_gmt":"2023-08-07T03:18:08","slug":"san-pham","status":"publish","type":"page","link":"http:\/\/www.tritueso.com.vn\/en\/san-pham","title":{"rendered":"Product"},"content":{"rendered":"<p><\/p>\n\n\n\n<div class=\"row row-collapse row-full-width\"  id=\"row-587282264\">\n\n\n\t<div id=\"col-204093754\" class=\"col medium-6 small-12 large-6\"  >\n\t\t<div class=\"col-inner\"  >\n\t\t\t\n\t\t\t\n\n\n  <div class=\"banner has-hover\" id=\"banner-1433145576\">\n          <div class=\"banner-inner fill\">\n        <div class=\"banner-bg fill\" >\n            <div class=\"bg fill bg-fill\"><\/div>\n                        <div class=\"overlay\"><\/div>            \n            <div class=\"effect-snow bg-effect fill no-click\"><\/div>        <\/div>\n        <div class=\"banner-layers container\">\n            <a class=\"fill\" href=\"http:\/\/www.tritueso.com.vn\/en\/vongdeotay\/\"  ><div class=\"fill banner-link\"><\/div><\/a>            \n\n\n        <\/div>\n      <\/div>\n\n            \n<style>\n#banner-1433145576 {\n  padding-top: 350px;\n}\n#banner-1433145576 .bg.bg-loaded {\n  background-image: url(http:\/\/www.tritueso.com.vn\/wp-content\/uploads\/2021\/03\/vong-deo-tay-brenmoor-2.png);\n}\n#banner-1433145576 .overlay {\n  background-color: rgba(0, 0, 0, 0.25);\n}\n#banner-1433145576 .bg {\n  background-position: 100% 95%;\n}\n<\/style>\n  <\/div>\n\n\n\n\t\t<\/div>\n\t\t\t<\/div>\n\n\t\n\n\t<div id=\"col-188301804\" class=\"col medium-6 small-12 large-6\"  >\n\t\t<div class=\"col-inner\"  >\n\t\t\t\n\t\t\t\n\n\n  <div class=\"banner has-hover\" id=\"banner-142111822\">\n          <div class=\"banner-inner fill\">\n        <div class=\"banner-bg fill\" >\n            <div class=\"bg fill bg-fill\"><\/div>\n                                    \n                    <\/div>\n        <div class=\"banner-layers container\">\n            <div class=\"fill banner-link\"><\/div>            \n\n   <div id=\"text-box-1625160717\" class=\"text-box banner-layer x50 md-x50 lg-x50 y50 md-y50 lg-y50 res-text\">\n                                <div class=\"text-box-content text\">\n              \n              <div class=\"text-inner text-center\">\n                  \n\n<h3 class=\"uppercase\"><span style=\"font-size: 180%;\"><strong style=\"color:#0080ff;\">Printable Hospital Wristbands<\/strong><\/span><\/h3>\n<p class=\"uppercase\"><span style=\"font-size: 150%;\">Chuy\u00ean cung c\u1ea5p v\u00f2ng \u0111eo tay d\u00e0nh cho b\u1ec7nh nh\u00e2n ng\u01b0\u1eddi l\u1edbn v\u00e0 tr\u1ebb em nh\u00e3n hi\u1ec7u Brenmoor v\u1edbi ch\u1ea5t l\u01b0\u1ee3ng theo ti\u00eau chu\u1ea9n ch\u00e2u \u00e2u.<\/span><\/p>\n<a href=\"http:\/\/www.tritueso.com.vn\/en\/lien-he\/\" target=\"_self\" class=\"button secondary is-large\"  >\n    <span>Li\u00ean h\u1ec7 ngay<\/span>\n  <\/a>\n\n\n\n              <\/div>\n           <\/div>\n                            \n<style>\n#text-box-1625160717 {\n  width: 60%;\n}\n#text-box-1625160717 .text-box-content {\n  font-size: 100%;\n}\n<\/style>\n    <\/div>\n \n\n        <\/div>\n      <\/div>\n\n            \n<style>\n#banner-142111822 {\n  padding-top: 350px;\n  background-color: rgb(255,255,255);\n}\n<\/style>\n  <\/div>\n\n\n\n\t\t<\/div>\n\t\t\t<\/div>\n\n\t\n\n<\/div>\n<div class=\"row row-collapse row-full-width\"  id=\"row-1547246163\">\n\n\n\t<div id=\"col-437006531\" class=\"col medium-6 small-12 large-6\"  >\n\t\t<div class=\"col-inner\"  >\n\t\t\t\n\t\t\t\n\n\n  <div class=\"banner has-hover\" id=\"banner-1659467991\">\n          <div class=\"banner-inner fill\">\n        <div class=\"banner-bg fill\" >\n            <div class=\"bg fill bg-fill\"><\/div>\n                                    \n                    <\/div>\n        <div class=\"banner-layers container\">\n            <div class=\"fill banner-link\"><\/div>            \n\n   <div id=\"text-box-1959547567\" class=\"text-box banner-layer x50 md-x50 lg-x50 y50 md-y50 lg-y50 res-text\">\n                                <div class=\"text-box-content text\">\n              \n              <div class=\"text-inner text-center\">\n                  \n\n<h3 class=\"uppercase\"><span style=\"font-size: 170%;\"><strong style=\"color: #0080ff;\">tem nh\u00e3n n\u1eef trang<\/strong><\/span><\/h3>\n<p class=\"uppercase\"><span style=\"font-size: 150%;\">Chuy\u00ean cung c\u1ea5p tem nh\u00e3n n\u1eef trang v\u1edbi <br \/>ch\u1ea5t l\u01b0\u1ee3ng t\u1ed1t nh\u1ea5t v\u1edbi m\u1ee9c gi\u00e1 ph\u00f9 h\u1ee3p. <br \/>qu\u00fd kh\u00e1ch vui l\u00f2ng li\u00ean h\u1ec7 ngay v\u1edbi ch\u00fang t\u00f4i<br \/> \u0111\u1ec3 bi\u1ebft th\u00eam chi ti\u1ebft.<\/span><\/p>\n<a href=\"http:\/\/www.tritueso.com.vn\/en\/lien-he\/\" target=\"_self\" class=\"button secondary is-large\"  >\n    <span>li\u00ean h\u1ec7 ngay<\/span>\n  <\/a>\n\n\n\n              <\/div>\n           <\/div>\n                            \n<style>\n#text-box-1959547567 {\n  width: 64%;\n}\n#text-box-1959547567 .text-box-content {\n  font-size: 100%;\n}\n<\/style>\n    <\/div>\n \n\n        <\/div>\n      <\/div>\n\n            \n<style>\n#banner-1659467991 {\n  padding-top: 340px;\n  background-color: rgb(255,255,255);\n}\n<\/style>\n  <\/div>\n\n\n\n\t\t<\/div>\n\t\t\t<\/div>\n\n\t\n\n\t<div id=\"col-415104572\" class=\"col medium-6 small-12 large-6 small-col-first\"  >\n\t\t<div class=\"col-inner\"  >\n\t\t\t\n\t\t\t\n\n\n  <div class=\"banner has-hover bg-zoom-fade\" id=\"banner-1993093283\">\n          <div class=\"banner-inner fill\">\n        <div class=\"banner-bg fill\" >\n            <div class=\"bg fill bg-fill\"><\/div>\n                        <div class=\"overlay\"><\/div>            \n            <div class=\"effect-sparkle bg-effect fill no-click\"><\/div>        <\/div>\n        <div class=\"banner-layers container\">\n            <div class=\"fill banner-link\"><\/div>            \n\n\n        <\/div>\n      <\/div>\n\n            \n<style>\n#banner-1993093283 {\n  padding-top: 350px;\n}\n#banner-1993093283 .bg.bg-loaded {\n  background-image: url(http:\/\/www.tritueso.com.vn\/wp-content\/uploads\/2021\/03\/tem-nhan-nu-trang-1.png);\n}\n#banner-1993093283 .overlay {\n  background-color: rgba(0, 0, 0, 0.3);\n}\n#banner-1993093283 .bg {\n  background-position: 39% 50%;\n}\n<\/style>\n  <\/div>\n\n\n\n\t\t<\/div>\n\t\t\t<\/div>\n\n\t\n\n<\/div>\n<div class=\"row row-collapse row-full-width\"  id=\"row-909024711\">\n\n\n\t<div id=\"col-703958867\" class=\"col medium-6 small-12 large-6\"  >\n\t\t<div class=\"col-inner\"  >\n\t\t\t\n\t\t\t\n\n\n  <div class=\"banner has-hover bg-zoom-fade\" id=\"banner-1537713348\">\n          <div class=\"banner-inner fill\">\n        <div class=\"banner-bg fill\" >\n            <div class=\"bg fill bg-fill\"><\/div>\n                        <div class=\"overlay\"><\/div>            \n            <div class=\"effect-snow bg-effect fill no-click\"><\/div>        <\/div>\n        <div class=\"banner-layers container\">\n            <div class=\"fill banner-link\"><\/div>            \n\n\n        <\/div>\n      <\/div>\n\n            \n<style>\n#banner-1537713348 {\n  padding-top: 350px;\n}\n#banner-1537713348 .bg.bg-loaded {\n  background-image: url(http:\/\/www.tritueso.com.vn\/wp-content\/uploads\/2021\/03\/may-in-ma-vach-1-1024x237.jpg);\n}\n#banner-1537713348 .overlay {\n  background-color: rgba(0, 0, 0, 0.25);\n}\n#banner-1537713348 .bg {\n  background-position: 73% 100%;\n}\n<\/style>\n  <\/div>\n\n\n\n\t\t<\/div>\n\t\t\t<\/div>\n\n\t\n\n\t<div id=\"col-628644846\" class=\"col medium-6 small-12 large-6\"  >\n\t\t<div class=\"col-inner\"  >\n\t\t\t\n\t\t\t\n\n\n  <div class=\"banner has-hover\" id=\"banner-1292179149\">\n          <div class=\"banner-inner fill\">\n        <div class=\"banner-bg fill\" >\n            <div class=\"bg fill bg-fill\"><\/div>\n                                    \n                    <\/div>\n        <div class=\"banner-layers container\">\n            <div class=\"fill banner-link\"><\/div>            \n\n   <div id=\"text-box-1149759958\" class=\"text-box banner-layer x50 md-x50 lg-x50 y50 md-y50 lg-y50 res-text\">\n                                <div class=\"text-box-content text\">\n              \n              <div class=\"text-inner text-center\">\n                  \n\n<h3 class=\"uppercase\"><span style=\"font-size: 180%;\"><strong style=\"color:#0080ff;\">Barcode Printer<\/strong><\/span><\/h3>\n<p class=\"uppercase\"><span style=\"font-size: 150%;\">Chuy\u00ean cung c\u1ea5p c\u00e1c d\u00f2ng m\u00e1y in \u0111\u1ec3 b\u00e0n, c\u00f4ng nghi\u1ec7p v\u00e0 di \u0111\u1ed9ng v\u1edbi ch\u1ea5t l\u01b0\u1ee3ng t\u1ed1t nh\u1ea5t<\/span><\/p>\n<a href=\"http:\/\/www.tritueso.com.vn\/en\/lien-he\/\" target=\"_self\" class=\"button secondary is-large\"  >\n    <span>Li\u00ean h\u1ec7 ngay<\/span>\n  <\/a>\n\n\n\n              <\/div>\n           <\/div>\n                            \n<style>\n#text-box-1149759958 {\n  width: 60%;\n}\n#text-box-1149759958 .text-box-content {\n  font-size: 100%;\n}\n<\/style>\n    <\/div>\n \n\n        <\/div>\n      <\/div>\n\n            \n<style>\n#banner-1292179149 {\n  padding-top: 350px;\n  background-color: rgb(255,255,255);\n}\n<\/style>\n  <\/div>\n\n\n\n\t\t<\/div>\n\t\t\t<\/div>\n\n\t\n\n<\/div>\n<div class=\"row row-collapse row-full-width\"  id=\"row-601166301\">\n\n\n\t<div id=\"col-811493004\" class=\"col medium-6 small-12 large-6\"  >\n\t\t<div class=\"col-inner\"  >\n\t\t\t\n\t\t\t\n\n\n  <div class=\"banner has-hover\" id=\"banner-558120632\">\n          <div class=\"banner-inner fill\">\n        <div class=\"banner-bg fill\" >\n            <div class=\"bg fill bg-fill\"><\/div>\n                                    \n                    <\/div>\n        <div class=\"banner-layers container\">\n            <div class=\"fill banner-link\"><\/div>            \n\n   <div id=\"text-box-1035073311\" class=\"text-box banner-layer x50 md-x50 lg-x50 y50 md-y50 lg-y50 res-text\">\n                                <div class=\"text-box-content text\">\n              \n              <div class=\"text-inner text-center\">\n                  \n\n<h3 class=\"uppercase\"><span style=\"font-size: 180%;\"><strong style=\"color:#0080ff;\">Barcode Scanner<\/strong><\/span><\/h3>\n<p class=\"uppercase\"><span style=\"font-size: 150%;\">Chuy\u00ean cung c\u1ea5p c\u00e1c d\u00f2ng m\u00e1y qu\u00e9t 1D, 2D c\u1ee7a c\u00e1c nh\u00e3n hi\u1ec7u uy t\u00edn v\u00e0 ch\u1ea5t l\u01b0\u1ee3ng.<\/span><\/p>\n<a href=\"http:\/\/www.tritueso.com.vn\/en\/lien-he\/\" target=\"_self\" class=\"button secondary is-large\"  >\n    <span>li\u00ean h\u1ec7 ngay<\/span>\n  <\/a>\n\n\n\n              <\/div>\n           <\/div>\n                            \n<style>\n#text-box-1035073311 {\n  width: 60%;\n}\n#text-box-1035073311 .text-box-content {\n  font-size: 100%;\n}\n<\/style>\n    <\/div>\n \n\n        <\/div>\n      <\/div>\n\n            \n<style>\n#banner-558120632 {\n  padding-top: 340px;\n  background-color: rgb(255,255,255);\n}\n<\/style>\n  <\/div>\n\n\n\n\t\t<\/div>\n\t\t\t<\/div>\n\n\t\n\n\t<div id=\"col-1864355041\" class=\"col medium-6 small-12 large-6 small-col-first\"  >\n\t\t<div class=\"col-inner\"  >\n\t\t\t\n\t\t\t\n\n\n  <div class=\"banner has-hover bg-zoom-fade\" id=\"banner-1077657100\">\n          <div class=\"banner-inner fill\">\n        <div class=\"banner-bg fill\" >\n            <div class=\"bg fill bg-fill\"><\/div>\n                        <div class=\"overlay\"><\/div>            \n            <div class=\"effect-sparkle bg-effect fill no-click\"><\/div>        <\/div>\n        <div class=\"banner-layers container\">\n            <div class=\"fill banner-link\"><\/div>            \n\n\n        <\/div>\n      <\/div>\n\n            \n<style>\n#banner-1077657100 {\n  padding-top: 350px;\n}\n#banner-1077657100 .bg.bg-loaded {\n  background-image: url(http:\/\/www.tritueso.com.vn\/wp-content\/uploads\/2021\/03\/barcode-scanner-1024x237.jpg);\n}\n#banner-1077657100 .overlay {\n  background-color: rgba(0, 0, 0, 0.3);\n}\n#banner-1077657100 .bg {\n  background-position: 61% 99%;\n}\n<\/style>\n  <\/div>\n\n\n\n\t\t<\/div>\n\t\t\t<\/div>\n\n\t\n\n<\/div>\n<div class=\"row row-collapse row-full-width\"  id=\"row-1606599424\">\n\n\n\t<div id=\"col-798154192\" class=\"col medium-6 small-12 large-6\"  >\n\t\t<div class=\"col-inner\"  >\n\t\t\t\n\t\t\t\n\n\n  <div class=\"banner has-hover bg-zoom-fade\" id=\"banner-432365376\">\n          <div class=\"banner-inner fill\">\n        <div class=\"banner-bg fill\" >\n            <div class=\"bg fill bg-fill\"><\/div>\n                        <div class=\"overlay\"><\/div>            \n            <div class=\"effect-sliding-glass bg-effect fill no-click\"><\/div>        <\/div>\n        <div class=\"banner-layers container\">\n            <div class=\"fill banner-link\"><\/div>            \n\n\n        <\/div>\n      <\/div>\n\n            \n<style>\n#banner-432365376 {\n  padding-top: 350px;\n}\n#banner-432365376 .bg.bg-loaded {\n  background-image: url(http:\/\/www.tritueso.com.vn\/wp-content\/uploads\/2021\/03\/thiet-bi-handheld-1024x341.jpg);\n}\n#banner-432365376 .overlay {\n  background-color: rgba(0, 0, 0, 0.25);\n}\n#banner-432365376 .bg {\n  background-position: 36% 59%;\n}\n<\/style>\n  <\/div>\n\n\n\n\t\t<\/div>\n\t\t\t<\/div>\n\n\t\n\n\t<div id=\"col-1197352721\" class=\"col medium-6 small-12 large-6\"  >\n\t\t<div class=\"col-inner\"  >\n\t\t\t\n\t\t\t\n\n\n  <div class=\"banner has-hover\" id=\"banner-1409735976\">\n          <div class=\"banner-inner fill\">\n        <div class=\"banner-bg fill\" >\n            <div class=\"bg fill bg-fill\"><\/div>\n                                    \n                    <\/div>\n        <div class=\"banner-layers container\">\n            <div class=\"fill banner-link\"><\/div>            \n\n   <div id=\"text-box-19212528\" class=\"text-box banner-layer x50 md-x50 lg-x50 y50 md-y50 lg-y50 res-text\">\n                                <div class=\"text-box-content text\">\n              \n              <div class=\"text-inner text-center\">\n                  \n\n<h3 class=\"uppercase\"><span style=\"font-size: 180%;\"><strong style=\"color:#0080ff;\">Handheld<\/strong><\/span><\/h3>\n<p class=\"uppercase\"><span style=\"font-size: 150%;\">Chuy\u00ean cung c\u1ea5p c\u00e1c thi\u1ebft b\u1ecb ki\u1ec3m kho v\u1edbi ch\u1ea5t l\u01b0\u1ee3ng t\u1ed1t nh\u1ea5t.<\/span><\/p>\n<a href=\"http:\/\/www.tritueso.com.vn\/en\/lien-he\/\" target=\"_self\" class=\"button secondary is-large\"  >\n    <span>Li\u00ean h\u1ec7 ngay<\/span>\n  <\/a>\n\n\n\n              <\/div>\n           <\/div>\n                            \n<style>\n#text-box-19212528 {\n  width: 60%;\n}\n#text-box-19212528 .text-box-content {\n  font-size: 100%;\n}\n<\/style>\n    <\/div>\n \n\n        <\/div>\n      <\/div>\n\n            \n<style>\n#banner-1409735976 {\n  padding-top: 350px;\n  background-color: rgb(255,255,255);\n}\n<\/style>\n  <\/div>\n\n\n\n\t\t<\/div>\n\t\t\t<\/div>\n\n\t\n\n<\/div>\n<div class=\"row row-collapse row-full-width\"  id=\"row-41945996\">\n\n\n\t<div id=\"col-1882762514\" class=\"col medium-6 small-12 large-6\"  >\n\t\t<div class=\"col-inner\"  >\n\t\t\t\n\t\t\t\n\n\n  <div class=\"banner has-hover\" id=\"banner-596928280\">\n          <div class=\"banner-inner fill\">\n        <div class=\"banner-bg fill\" >\n            <div class=\"bg fill bg-fill\"><\/div>\n                                    \n                    <\/div>\n        <div class=\"banner-layers container\">\n            <div class=\"fill banner-link\"><\/div>            \n\n   <div id=\"text-box-995238860\" class=\"text-box banner-layer x50 md-x50 lg-x50 y50 md-y50 lg-y50 res-text\">\n                                <div class=\"text-box-content text\">\n              \n              <div class=\"text-inner text-center\">\n                  \n\n<h3 class=\"uppercase\"><span style=\"font-size: 180%;\"><strong style=\"color:#0080ff;\">Nh\u00e3n m\u1ef1c in<\/strong><\/span><\/h3>\n<p class=\"uppercase\"><span style=\"font-size: 150%;\">Chuy\u00ean cung c\u1ea5p nh\u00e3n, m\u1ef1c in c\u00e1c lo\u1ea1i v\u1edbi gi\u00e1 c\u1ea3 v\u00e0 ch\u1ea5t l\u01b0\u1ee3ng t\u1ed1t nh\u1ea5t th\u1ecb tr\u01b0\u1eddng.<\/span><\/p>\n<a href=\"http:\/\/www.tritueso.com.vn\/en\/lien-he\/\" target=\"_self\" class=\"button secondary is-large\"  >\n    <span>li\u00ean h\u1ec7 ngay<\/span>\n  <\/a>\n\n\n\n              <\/div>\n           <\/div>\n                            \n<style>\n#text-box-995238860 {\n  width: 60%;\n}\n#text-box-995238860 .text-box-content {\n  font-size: 100%;\n}\n<\/style>\n    <\/div>\n \n\n        <\/div>\n      <\/div>\n\n            \n<style>\n#banner-596928280 {\n  padding-top: 340px;\n  background-color: rgb(255,255,255);\n}\n<\/style>\n  <\/div>\n\n\n\n\t\t<\/div>\n\t\t\t<\/div>\n\n\t\n\n\t<div id=\"col-614765214\" class=\"col medium-6 small-12 large-6 small-col-first\"  >\n\t\t<div class=\"col-inner\"  >\n\t\t\t\n\t\t\t\n\n\n  <div class=\"banner has-hover bg-zoom-fade\" id=\"banner-1507087926\">\n          <div class=\"banner-inner fill\">\n        <div class=\"banner-bg fill\" >\n            <div class=\"bg fill bg-fill\"><\/div>\n                        <div class=\"overlay\"><\/div>            \n            <div class=\"effect-sparkle bg-effect fill no-click\"><\/div>        <\/div>\n        <div class=\"banner-layers container\">\n            <div class=\"fill banner-link\"><\/div>            \n\n\n        <\/div>\n      <\/div>\n\n            \n<style>\n#banner-1507087926 {\n  padding-top: 350px;\n}\n#banner-1507087926 .bg.bg-loaded {\n  background-image: url(http:\/\/www.tritueso.com.vn\/wp-content\/uploads\/2021\/03\/nhan-muc-in-ma-vach-barcode.jpg);\n}\n#banner-1507087926 .overlay {\n  background-color: rgba(0, 0, 0, 0.3);\n}\n#banner-1507087926 .bg {\n  background-position: 39% 50%;\n}\n<\/style>\n  <\/div>\n\n\n\n\t\t<\/div>\n\t\t\t<\/div>\n\n\t\n\n<\/div>","protected":false},"excerpt":{"rendered":"","protected":false},"author":1,"featured_media":0,"parent":0,"menu_order":0,"comment_status":"closed","ping_status":"closed","template":"","meta":{"footnotes":""},"class_list":["post-61","page","type-page","status-publish","hentry"],"_links":{"self":[{"href":"http:\/\/www.tritueso.com.vn\/en\/wp-json\/wp\/v2\/pages\/61","targetHints":{"allow":["GET"]}}],"collection":[{"href":"http:\/\/www.tritueso.com.vn\/en\/wp-json\/wp\/v2\/pages"}],"about":[{"href":"http:\/\/www.tritueso.com.vn\/en\/wp-json\/wp\/v2\/types\/page"}],"author":[{"embeddable":true,"href":"http:\/\/www.tritueso.com.vn\/en\/wp-json\/wp\/v2\/users\/1"}],"replies":[{"embeddable":true,"href":"http:\/\/www.tritueso.com.vn\/en\/wp-json\/wp\/v2\/comments?post=61"}],"version-history":[{"count":23,"href":"http:\/\/www.tritueso.com.vn\/en\/wp-json\/wp\/v2\/pages\/61\/revisions"}],"predecessor-version":[{"id":563,"href":"http:\/\/www.tritueso.com.vn\/en\/wp-json\/wp\/v2\/pages\/61\/revisions\/563"}],"wp:attachment":[{"href":"http:\/\/www.tritueso.com.vn\/en\/wp-json\/wp\/v2\/media?parent=61"}],"curies":[{"name":"wp","href":"https:\/\/api.w.org\/{rel}","templated":true}]}}