{"id":65,"date":"2021-03-06T11:07:06","date_gmt":"2021-03-06T11:07:06","guid":{"rendered":"http:\/\/13.250.35.20\/?page_id=65"},"modified":"2026-04-06T17:00:28","modified_gmt":"2026-04-06T10:00:28","slug":"giai-phap","status":"publish","type":"page","link":"http:\/\/www.tritueso.com.vn\/en\/giai-phap","title":{"rendered":"Solution"},"content":{"rendered":"<p><\/p>\n\n\n\n\t<section class=\"section\" id=\"section_1293357405\">\n\t\t<div class=\"bg section-bg fill bg-fill  bg-loaded\" >\n\n\t\t\t\n\t\t\t<div class=\"section-bg-overlay absolute fill\"><\/div><div class=\"effect-snow bg-effect fill no-click\"><\/div>\n\t\t\t\n\n\t\t<\/div>\n\n\t\t<div class=\"section-content relative\">\n\t\t\t\n\n\t<div id=\"gap-1088532831\" class=\"gap-element clearfix\" style=\"display:block; height:auto;\">\n\t\t\n<style>\n#gap-1088532831 {\n  padding-top: 35px;\n}\n<\/style>\n\t<\/div>\n\t\n\n<div class=\"row\"  id=\"row-1245355755\">\n\n\n\t<div id=\"col-1459967083\" class=\"col medium-6 small-12 large-6\"  >\n\t\t<div class=\"col-inner\"  >\n\t\t\t\n\t\t\t\n\n\t<div class=\"img has-hover x md-x lg-x y md-y lg-y\" id=\"image_1242355229\">\n\t\t\t\t\t\t\t\t<div class=\"img-inner dark\" >\n\t\t\t<img loading=\"lazy\" decoding=\"async\" width=\"1020\" height=\"680\" src=\"http:\/\/www.tritueso.com.vn\/wp-content\/uploads\/2026\/04\/banner_Phan_Mem_KBV-1024x683.png\" class=\"attachment-large size-large\" alt=\"\" srcset=\"http:\/\/www.tritueso.com.vn\/wp-content\/uploads\/2026\/04\/banner_Phan_Mem_KBV-1024x683.png 1024w, http:\/\/www.tritueso.com.vn\/wp-content\/uploads\/2026\/04\/banner_Phan_Mem_KBV-300x200.png 300w, http:\/\/www.tritueso.com.vn\/wp-content\/uploads\/2026\/04\/banner_Phan_Mem_KBV-768x512.png 768w, http:\/\/www.tritueso.com.vn\/wp-content\/uploads\/2026\/04\/banner_Phan_Mem_KBV-18x12.png 18w, http:\/\/www.tritueso.com.vn\/wp-content\/uploads\/2026\/04\/banner_Phan_Mem_KBV-600x400.png 600w, http:\/\/www.tritueso.com.vn\/wp-content\/uploads\/2026\/04\/banner_Phan_Mem_KBV.png 1536w\" sizes=\"auto, (max-width: 1020px) 100vw, 1020px\" \/>\t\t\t\t\t\t\n\t\t\t\t\t<\/div>\n\t\t\t\t\t\t\t\t\n<style>\n#image_1242355229 {\n  width: 100%;\n}\n<\/style>\n\t<\/div>\n\t\n\n\n\t\t<\/div>\n\t\t\t<\/div>\n\n\t\n\n\t<div id=\"col-561146475\" class=\"col medium-6 small-12 large-6\"  >\n\t\t<div class=\"col-inner\"  >\n\t\t\t\n\t\t\t\n\n\t<div class=\"img has-hover x md-x lg-x y md-y lg-y\" id=\"image_817581089\">\n\t\t\t\t\t\t\t\t<div class=\"img-inner dark\" >\n\t\t\t<img loading=\"lazy\" decoding=\"async\" width=\"1020\" height=\"680\" src=\"http:\/\/www.tritueso.com.vn\/wp-content\/uploads\/2026\/04\/banner_Phan_Mem_KBc-1024x683.png\" class=\"attachment-large size-large\" alt=\"\" srcset=\"http:\/\/www.tritueso.com.vn\/wp-content\/uploads\/2026\/04\/banner_Phan_Mem_KBc-1024x683.png 1024w, http:\/\/www.tritueso.com.vn\/wp-content\/uploads\/2026\/04\/banner_Phan_Mem_KBc-300x200.png 300w, http:\/\/www.tritueso.com.vn\/wp-content\/uploads\/2026\/04\/banner_Phan_Mem_KBc-768x512.png 768w, http:\/\/www.tritueso.com.vn\/wp-content\/uploads\/2026\/04\/banner_Phan_Mem_KBc-18x12.png 18w, http:\/\/www.tritueso.com.vn\/wp-content\/uploads\/2026\/04\/banner_Phan_Mem_KBc-600x400.png 600w, http:\/\/www.tritueso.com.vn\/wp-content\/uploads\/2026\/04\/banner_Phan_Mem_KBc.png 1536w\" sizes=\"auto, (max-width: 1020px) 100vw, 1020px\" \/>\t\t\t\t\t\t\n\t\t\t\t\t<\/div>\n\t\t\t\t\t\t\t\t\n<style>\n#image_817581089 {\n  width: 100%;\n}\n<\/style>\n\t<\/div>\n\t\n\n\n\t\t<\/div>\n\t\t\t<\/div>\n\n\t\n\n<\/div>\n<div class=\"row\"  id=\"row-1128247301\">\n\n\n\t<div id=\"col-1983377556\" class=\"col medium-4 small-12 large-4\"  >\n\t\t<div class=\"col-inner\"  >\n\t\t\t\n\t\t\t\n\n\n  <div class=\"banner has-hover bg-zoom-fade\" id=\"banner-1092355115\">\n          <div class=\"banner-inner fill\">\n        <div class=\"banner-bg fill\" >\n            <div class=\"bg fill bg-fill\"><\/div>\n                        <div class=\"overlay\"><\/div>            \n                    <\/div>\n        <div class=\"banner-layers container\">\n            <div class=\"fill banner-link\"><\/div>            \n\n   <div id=\"text-box-341020886\" class=\"text-box banner-layer x50 md-x50 lg-x50 y95 md-y95 lg-y95 res-text\">\n                                <div class=\"text-box-content text\">\n              \n              <div class=\"text-inner text-center\">\n                  \n\n\t<div id=\"text-1744040437\" class=\"text\">\n\t\t\n\n<h2 class=\"uppercase\"><span style=\"font-size: 75%;\"><\/span><\/h2>\n<h2 class=\"uppercase\"><span style=\"font-size: 80%;\">Qu\u1ea3n l\u00fd v\u1ecb tr\u00ed <br>v\u00e0 t\u00ecnh tr\u1ea1ng <br>c\u00e1c thi\u1ebft b\u1ecb<\/span><\/h2>\n\t\t\n<style>\n#text-1744040437 {\n  color: rgb(0, 95, 255);\n}\n#text-1744040437 > * {\n  color: rgb(0, 95, 255);\n}\n<\/style>\n\t<\/div>\n\t\n\t<div id=\"gap-249681761\" class=\"gap-element clearfix\" style=\"display:block; height:auto;\">\n\t\t\n<style>\n#gap-249681761 {\n  padding-top: 5px;\n}\n<\/style>\n\t<\/div>\n\t\n\n<a href=\"http:\/\/www.tritueso.com.vn\/en\/lien-he\/\" target=\"_self\" class=\"button secondary is-outline is-larger\"  >\n    <span>Li\u00ean h\u1ec7 ngay<\/span>\n  <\/a>\n\n\n\n              <\/div>\n           <\/div>\n                            \n<style>\n#text-box-341020886 {\n  margin: 0px 0px -6px 0px;\n  width: 89%;\n}\n#text-box-341020886 .text-box-content {\n  background-color: rgba(255, 255, 255, 0.75);\n  font-size: 100%;\n}\n#text-box-341020886 .text-inner {\n  padding: 34px 10px 20px 10px;\n}\n<\/style>\n    <\/div>\n \n\n        <\/div>\n      <\/div>\n\n            \n<style>\n#banner-1092355115 {\n  padding-top: 450px;\n}\n#banner-1092355115 .bg.bg-loaded {\n  background-image: url(http:\/\/www.tritueso.com.vn\/wp-content\/uploads\/2021\/03\/giai-phap-iot.png);\n}\n#banner-1092355115 .overlay {\n  background-color: rgba(72, 78, 80, 0.09);\n}\n#banner-1092355115 .bg {\n  background-position: 20% 68%;\n}\n<\/style>\n  <\/div>\n\n\n\n\t\t<\/div>\n\t\t\t<\/div>\n\n\t\n\n\t<div id=\"col-845608529\" class=\"col medium-4 small-12 large-4\"  >\n\t\t<div class=\"col-inner\"  >\n\t\t\t\n\t\t\t\n\n\n  <div class=\"banner has-hover bg-zoom-fade\" id=\"banner-246224744\">\n          <div class=\"banner-inner fill\">\n        <div class=\"banner-bg fill\" >\n            <div class=\"bg fill bg-fill\"><\/div>\n                        <div class=\"overlay\"><\/div>            \n            <div class=\"effect-snow bg-effect fill no-click\"><\/div>        <\/div>\n        <div class=\"banner-layers container\">\n            <div class=\"fill banner-link\"><\/div>            \n\n   <div id=\"text-box-258089542\" class=\"text-box banner-layer x50 md-x50 lg-x50 y95 md-y95 lg-y95 res-text\">\n                                <div class=\"text-box-content text\">\n              \n              <div class=\"text-inner text-center\">\n                  \n\n\t<div id=\"text-138411873\" class=\"text\">\n\t\t\n\n<h2 class=\"uppercase\"><span style=\"font-size: 75%;\"><strong><\/strong><\/span><\/h2>\n<h2 class=\"uppercase\"><span style=\"font-size: 70%;\">Qu\u1ea3n l\u00fd v\u00e0 ki\u1ec3m k\u00ea <br>t\u00e0i s\u1ea3n c\u1ed1 \u0111\u1ecbnh<\/span><\/h2>\n\t\t\n<style>\n#text-138411873 {\n  color: rgb(0, 95, 255);\n}\n#text-138411873 > * {\n  color: rgb(0, 95, 255);\n}\n<\/style>\n\t<\/div>\n\t\n\t<div id=\"gap-1072248235\" class=\"gap-element clearfix\" style=\"display:block; height:auto;\">\n\t\t\n<style>\n#gap-1072248235 {\n  padding-top: 5px;\n}\n<\/style>\n\t<\/div>\n\t\n\n<a href=\"http:\/\/www.tritueso.com.vn\/en\/lien-he\/\" target=\"_self\" class=\"button secondary is-outline is-larger\"  >\n    <span>Li\u00ean h\u1ec7 ngay<\/span>\n  <\/a>\n\n\n\n              <\/div>\n           <\/div>\n                            \n<style>\n#text-box-258089542 {\n  margin: 0px 0px -6px 0px;\n  width: 89%;\n}\n#text-box-258089542 .text-box-content {\n  background-color: rgba(255, 255, 255, 0.75);\n  font-size: 120%;\n}\n#text-box-258089542 .text-inner {\n  padding: 34px 10px 20px 10px;\n}\n<\/style>\n    <\/div>\n \n\n        <\/div>\n      <\/div>\n\n            \n<style>\n#banner-246224744 {\n  padding-top: 450px;\n}\n#banner-246224744 .bg.bg-loaded {\n  background-image: url(http:\/\/www.tritueso.com.vn\/wp-content\/uploads\/2021\/03\/giai-phap-kiem-ke-tai-san-co-dinh-bang-rfid.png);\n}\n#banner-246224744 .overlay {\n  background-color: rgba(80, 80, 80, 0.1);\n}\n#banner-246224744 .bg {\n  background-position: 63% 63%;\n}\n<\/style>\n  <\/div>\n\n\n\n\t\t<\/div>\n\t\t\t<\/div>\n\n\t\n\n\t<div id=\"col-1489810510\" class=\"col medium-4 small-12 large-4\"  >\n\t\t<div class=\"col-inner\"  >\n\t\t\t\n\t\t\t\n\n\n  <div class=\"banner has-hover bg-zoom-fade\" id=\"banner-2028345487\">\n          <div class=\"banner-inner fill\">\n        <div class=\"banner-bg fill\" >\n            <div class=\"bg fill bg-fill\"><\/div>\n                        <div class=\"overlay\"><\/div>            \n                    <\/div>\n        <div class=\"banner-layers container\">\n            <div class=\"fill banner-link\"><\/div>            \n\n   <div id=\"text-box-58846153\" class=\"text-box banner-layer x50 md-x50 lg-x50 y95 md-y95 lg-y95 res-text\">\n                                <div class=\"text-box-content text\">\n              \n              <div class=\"text-inner text-center\">\n                  \n\n\t<div id=\"text-2924219652\" class=\"text\">\n\t\t\n\n<h2 class=\"uppercase\"><span style=\"font-size: 75%;\"><strong><\/strong><\/span><\/h2>\n<h2 class=\"uppercase\"><span style=\"font-size: 80%;\">Qu\u1ea3n l\u00fd<br>xu\u1ea5t nh\u1eadp t\u1ed3n<br> b\u1eb1ng c\u00f4ng ngh\u1ec7 rfid<\/span><\/h2>\n\t\t\n<style>\n#text-2924219652 {\n  color: rgb(0, 95, 255);\n}\n#text-2924219652 > * {\n  color: rgb(0, 95, 255);\n}\n<\/style>\n\t<\/div>\n\t\n\t<div id=\"gap-900886394\" class=\"gap-element clearfix\" style=\"display:block; height:auto;\">\n\t\t\n<style>\n#gap-900886394 {\n  padding-top: 5px;\n}\n<\/style>\n\t<\/div>\n\t\n\n<a href=\"http:\/\/www.tritueso.com.vn\/en\/lien-he\/\" target=\"_self\" class=\"button secondary is-outline is-larger\"  >\n    <span>Li\u00ean h\u1ec7 ngay<\/span>\n  <\/a>\n\n\n\n              <\/div>\n           <\/div>\n                            \n<style>\n#text-box-58846153 {\n  margin: 0px 0px -6px 0px;\n  width: 89%;\n}\n#text-box-58846153 .text-box-content {\n  background-color: rgba(255, 255, 255, 0.75);\n  font-size: 100%;\n}\n#text-box-58846153 .text-inner {\n  padding: 34px 10px 20px 10px;\n}\n<\/style>\n    <\/div>\n \n\n        <\/div>\n      <\/div>\n\n            \n<style>\n#banner-2028345487 {\n  padding-top: 450px;\n}\n#banner-2028345487 .bg.bg-loaded {\n  background-image: url(http:\/\/www.tritueso.com.vn\/wp-content\/uploads\/2021\/03\/giai-phap-rfid-quan-ly-tai-san-co-dinh-1024x576.jpg);\n}\n#banner-2028345487 .overlay {\n  background-color: rgba(0, 0, 0, 0.09);\n}\n#banner-2028345487 .bg {\n  background-position: 50% 59%;\n}\n<\/style>\n  <\/div>\n\n\n\n\t\t<\/div>\n\t\t\t<\/div>\n\n\t\n\n<\/div>\n\n\t\t<\/div>\n\n\t\t\n<style>\n#section_1293357405 {\n  padding-top: 0px;\n  padding-bottom: 0px;\n}\n#section_1293357405 .section-bg-overlay {\n  background-color: rgb(169, 198, 226);\n}\n@media (min-width:550px) {\n  #section_1293357405 {\n    padding-top: 40px;\n    padding-bottom: 40px;\n  }\n}\n<\/style>\n\t<\/section>","protected":false},"excerpt":{"rendered":"","protected":false},"author":1,"featured_media":0,"parent":0,"menu_order":0,"comment_status":"closed","ping_status":"closed","template":"","meta":{"footnotes":""},"class_list":["post-65","page","type-page","status-publish","hentry"],"_links":{"self":[{"href":"http:\/\/www.tritueso.com.vn\/en\/wp-json\/wp\/v2\/pages\/65","targetHints":{"allow":["GET"]}}],"collection":[{"href":"http:\/\/www.tritueso.com.vn\/en\/wp-json\/wp\/v2\/pages"}],"about":[{"href":"http:\/\/www.tritueso.com.vn\/en\/wp-json\/wp\/v2\/types\/page"}],"author":[{"embeddable":true,"href":"http:\/\/www.tritueso.com.vn\/en\/wp-json\/wp\/v2\/users\/1"}],"replies":[{"embeddable":true,"href":"http:\/\/www.tritueso.com.vn\/en\/wp-json\/wp\/v2\/comments?post=65"}],"version-history":[{"count":27,"href":"http:\/\/www.tritueso.com.vn\/en\/wp-json\/wp\/v2\/pages\/65\/revisions"}],"predecessor-version":[{"id":591,"href":"http:\/\/www.tritueso.com.vn\/en\/wp-json\/wp\/v2\/pages\/65\/revisions\/591"}],"wp:attachment":[{"href":"http:\/\/www.tritueso.com.vn\/en\/wp-json\/wp\/v2\/media?parent=65"}],"curies":[{"name":"wp","href":"https:\/\/api.w.org\/{rel}","templated":true}]}}