{"id":61,"date":"2021-03-06T11:05:47","date_gmt":"2021-03-06T11:05:47","guid":{"rendered":"http:\/\/13.250.35.20\/?page_id=61"},"modified":"2023-08-07T10:18:08","modified_gmt":"2023-08-07T03:18:08","slug":"san-pham","status":"publish","type":"page","link":"http:\/\/www.tritueso.com.vn\/vi\/san-pham","title":{"rendered":"S\u1ea3n ph\u1ea9m"},"content":{"rendered":"\n<p><\/p>\n\n\n\n<div class=\"row row-collapse row-full-width\"  id=\"row-518650967\">\n\n\n\t<div id=\"col-1801351913\" class=\"col medium-6 small-12 large-6\"  >\n\t\t<div class=\"col-inner\"  >\n\t\t\t\n\t\t\t\n\n\n  <div class=\"banner has-hover\" id=\"banner-667707743\">\n          <div class=\"banner-inner fill\">\n        <div class=\"banner-bg fill\" >\n            <div class=\"bg fill bg-fill \"><\/div>\n                        <div class=\"overlay\"><\/div>            \n            <div class=\"effect-snow bg-effect fill no-click\"><\/div>        <\/div>\n        <div class=\"banner-layers container\">\n            <a class=\"fill\" href=\"http:\/\/tritueso.com.vn\/vongdeotay\"  ><div class=\"fill banner-link\"><\/div><\/a>            \n\n\n        <\/div>\n      <\/div>\n\n            \n<style>\n#banner-667707743 {\n  padding-top: 350px;\n}\n#banner-667707743 .bg.bg-loaded {\n  background-image: url(http:\/\/www.tritueso.com.vn\/wp-content\/uploads\/2021\/03\/vong-deo-tay-brenmoor-2.png);\n}\n#banner-667707743 .overlay {\n  background-color: rgba(0, 0, 0, 0.25);\n}\n#banner-667707743 .bg {\n  background-position: 100% 95%;\n}\n<\/style>\n  <\/div>\n\n\n\n\t\t<\/div>\n\t\t\t<\/div>\n\n\t\n\n\t<div id=\"col-1060110536\" class=\"col medium-6 small-12 large-6\"  >\n\t\t<div class=\"col-inner\"  >\n\t\t\t\n\t\t\t\n\n\n  <div class=\"banner has-hover\" id=\"banner-1470354999\">\n          <div class=\"banner-inner fill\">\n        <div class=\"banner-bg fill\" >\n            <div class=\"bg fill bg-fill \"><\/div>\n                                    \n                    <\/div>\n        <div class=\"banner-layers container\">\n            <div class=\"fill banner-link\"><\/div>            \n\n   <div id=\"text-box-1762997782\" class=\"text-box banner-layer x50 md-x50 lg-x50 y50 md-y50 lg-y50 res-text\">\n                                <div class=\"text-box-content text \">\n              \n              <div class=\"text-inner text-center\">\n                  \n\n<h3 class=\"uppercase\"><span style=\"font-size: 180%;\"><strong style=\"color:#0080ff;\">V\u00f2ng \u0111eo tay<\/strong><\/span><\/h3>\n<p class=\"uppercase\"><span style=\"font-size: 150%;\">Chuy\u00ean cung c\u1ea5p v\u00f2ng \u0111eo tay d\u00e0nh cho b\u1ec7nh nh\u00e2n ng\u01b0\u1eddi l\u1edbn v\u00e0 tr\u1ebb em nh\u00e3n hi\u1ec7u Brenmoor v\u1edbi ch\u1ea5t l\u01b0\u1ee3ng theo ti\u00eau chu\u1ea9n ch\u00e2u \u00e2u.<\/span><\/p>\n<a href=\"http:\/\/tritueso.com.vn\/lien-he\/\" target=\"_self\" class=\"button secondary is-large\"  >\n    <span>Li\u00ean h\u1ec7 ngay<\/span>\n  <\/a>\n\n\n\n              <\/div>\n           <\/div>\n                            \n<style>\n#text-box-1762997782 {\n  width: 60%;\n}\n#text-box-1762997782 .text-box-content {\n  font-size: 100%;\n}\n<\/style>\n    <\/div>\n \n\n        <\/div>\n      <\/div>\n\n            \n<style>\n#banner-1470354999 {\n  padding-top: 350px;\n  background-color: rgb(255,255,255);\n}\n<\/style>\n  <\/div>\n\n\n\n\t\t<\/div>\n\t\t\t<\/div>\n\n\t\n\n<\/div>\n<div class=\"row row-collapse row-full-width\"  id=\"row-2011669963\">\n\n\n\t<div id=\"col-422474673\" class=\"col medium-6 small-12 large-6\"  >\n\t\t<div class=\"col-inner\"  >\n\t\t\t\n\t\t\t\n\n\n  <div class=\"banner has-hover\" id=\"banner-1997159826\">\n          <div class=\"banner-inner fill\">\n        <div class=\"banner-bg fill\" >\n            <div class=\"bg fill bg-fill \"><\/div>\n                                    \n                    <\/div>\n        <div class=\"banner-layers container\">\n            <div class=\"fill banner-link\"><\/div>            \n\n   <div id=\"text-box-1738170482\" class=\"text-box banner-layer x50 md-x50 lg-x50 y50 md-y50 lg-y50 res-text\">\n                                <div class=\"text-box-content text \">\n              \n              <div class=\"text-inner text-center\">\n                  \n\n<h3 class=\"uppercase\"><span style=\"font-size: 170%;\"><strong style=\"color: #0080ff;\">tem nh\u00e3n n\u1eef trang<\/strong><\/span><\/h3>\n<p class=\"uppercase\"><span style=\"font-size: 150%;\">Chuy\u00ean cung c\u1ea5p tem nh\u00e3n n\u1eef trang v\u1edbi <br \/>ch\u1ea5t l\u01b0\u1ee3ng t\u1ed1t nh\u1ea5t v\u1edbi m\u1ee9c gi\u00e1 ph\u00f9 h\u1ee3p. <br \/>qu\u00fd kh\u00e1ch vui l\u00f2ng li\u00ean h\u1ec7 ngay v\u1edbi ch\u00fang t\u00f4i<br \/> \u0111\u1ec3 bi\u1ebft th\u00eam chi ti\u1ebft.<\/span><\/p>\n<a href=\"http:\/\/tritueso.com.vn\/lien-he\/\" target=\"_self\" class=\"button secondary is-large\"  >\n    <span>li\u00ean h\u1ec7 ngay<\/span>\n  <\/a>\n\n\n\n              <\/div>\n           <\/div>\n                            \n<style>\n#text-box-1738170482 {\n  width: 64%;\n}\n#text-box-1738170482 .text-box-content {\n  font-size: 100%;\n}\n<\/style>\n    <\/div>\n \n\n        <\/div>\n      <\/div>\n\n            \n<style>\n#banner-1997159826 {\n  padding-top: 340px;\n  background-color: rgb(255,255,255);\n}\n<\/style>\n  <\/div>\n\n\n\n\t\t<\/div>\n\t\t\t<\/div>\n\n\t\n\n\t<div id=\"col-1260899174\" class=\"col medium-6 small-12 large-6 small-col-first\"  >\n\t\t<div class=\"col-inner\"  >\n\t\t\t\n\t\t\t\n\n\n  <div class=\"banner has-hover bg-zoom-fade\" id=\"banner-1665251021\">\n          <div class=\"banner-inner fill\">\n        <div class=\"banner-bg fill\" >\n            <div class=\"bg fill bg-fill \"><\/div>\n                        <div class=\"overlay\"><\/div>            \n            <div class=\"effect-sparkle bg-effect fill no-click\"><\/div>        <\/div>\n        <div class=\"banner-layers container\">\n            <div class=\"fill banner-link\"><\/div>            \n\n\n        <\/div>\n      <\/div>\n\n            \n<style>\n#banner-1665251021 {\n  padding-top: 350px;\n}\n#banner-1665251021 .bg.bg-loaded {\n  background-image: url(http:\/\/www.tritueso.com.vn\/wp-content\/uploads\/2021\/03\/tem-nhan-nu-trang-1.png);\n}\n#banner-1665251021 .overlay {\n  background-color: rgba(0, 0, 0, 0.3);\n}\n#banner-1665251021 .bg {\n  background-position: 39% 50%;\n}\n<\/style>\n  <\/div>\n\n\n\n\t\t<\/div>\n\t\t\t<\/div>\n\n\t\n\n<\/div>\n<div class=\"row row-collapse row-full-width\"  id=\"row-2051775353\">\n\n\n\t<div id=\"col-580206752\" class=\"col medium-6 small-12 large-6\"  >\n\t\t<div class=\"col-inner\"  >\n\t\t\t\n\t\t\t\n\n\n  <div class=\"banner has-hover bg-zoom-fade\" id=\"banner-386143961\">\n          <div class=\"banner-inner fill\">\n        <div class=\"banner-bg fill\" >\n            <div class=\"bg fill bg-fill \"><\/div>\n                        <div class=\"overlay\"><\/div>            \n            <div class=\"effect-snow bg-effect fill no-click\"><\/div>        <\/div>\n        <div class=\"banner-layers container\">\n            <div class=\"fill banner-link\"><\/div>            \n\n\n        <\/div>\n      <\/div>\n\n            \n<style>\n#banner-386143961 {\n  padding-top: 350px;\n}\n#banner-386143961 .bg.bg-loaded {\n  background-image: url(http:\/\/www.tritueso.com.vn\/wp-content\/uploads\/2021\/03\/may-in-ma-vach-1-1024x237.jpg);\n}\n#banner-386143961 .overlay {\n  background-color: rgba(0, 0, 0, 0.25);\n}\n#banner-386143961 .bg {\n  background-position: 73% 100%;\n}\n<\/style>\n  <\/div>\n\n\n\n\t\t<\/div>\n\t\t\t<\/div>\n\n\t\n\n\t<div id=\"col-2007577442\" class=\"col medium-6 small-12 large-6\"  >\n\t\t<div class=\"col-inner\"  >\n\t\t\t\n\t\t\t\n\n\n  <div class=\"banner has-hover\" id=\"banner-784463842\">\n          <div class=\"banner-inner fill\">\n        <div class=\"banner-bg fill\" >\n            <div class=\"bg fill bg-fill \"><\/div>\n                                    \n                    <\/div>\n        <div class=\"banner-layers container\">\n            <div class=\"fill banner-link\"><\/div>            \n\n   <div id=\"text-box-1882807233\" class=\"text-box banner-layer x50 md-x50 lg-x50 y50 md-y50 lg-y50 res-text\">\n                                <div class=\"text-box-content text \">\n              \n              <div class=\"text-inner text-center\">\n                  \n\n<h3 class=\"uppercase\"><span style=\"font-size: 180%;\"><strong style=\"color:#0080ff;\">M\u00e1y in m\u00e3 v\u1ea1ch<\/strong><\/span><\/h3>\n<p class=\"uppercase\"><span style=\"font-size: 150%;\">Chuy\u00ean cung c\u1ea5p c\u00e1c d\u00f2ng m\u00e1y in \u0111\u1ec3 b\u00e0n, c\u00f4ng nghi\u1ec7p v\u00e0 di \u0111\u1ed9ng v\u1edbi ch\u1ea5t l\u01b0\u1ee3ng t\u1ed1t nh\u1ea5t<\/span><\/p>\n<a href=\"http:\/\/tritueso.com.vn\/lien-he\/\" target=\"_self\" class=\"button secondary is-large\"  >\n    <span>Li\u00ean h\u1ec7 ngay<\/span>\n  <\/a>\n\n\n\n              <\/div>\n           <\/div>\n                            \n<style>\n#text-box-1882807233 {\n  width: 60%;\n}\n#text-box-1882807233 .text-box-content {\n  font-size: 100%;\n}\n<\/style>\n    <\/div>\n \n\n        <\/div>\n      <\/div>\n\n            \n<style>\n#banner-784463842 {\n  padding-top: 350px;\n  background-color: rgb(255,255,255);\n}\n<\/style>\n  <\/div>\n\n\n\n\t\t<\/div>\n\t\t\t<\/div>\n\n\t\n\n<\/div>\n<div class=\"row row-collapse row-full-width\"  id=\"row-1771542044\">\n\n\n\t<div id=\"col-60112152\" class=\"col medium-6 small-12 large-6\"  >\n\t\t<div class=\"col-inner\"  >\n\t\t\t\n\t\t\t\n\n\n  <div class=\"banner has-hover\" id=\"banner-1575626455\">\n          <div class=\"banner-inner fill\">\n        <div class=\"banner-bg fill\" >\n            <div class=\"bg fill bg-fill \"><\/div>\n                                    \n                    <\/div>\n        <div class=\"banner-layers container\">\n            <div class=\"fill banner-link\"><\/div>            \n\n   <div id=\"text-box-1633002570\" class=\"text-box banner-layer x50 md-x50 lg-x50 y50 md-y50 lg-y50 res-text\">\n                                <div class=\"text-box-content text \">\n              \n              <div class=\"text-inner text-center\">\n                  \n\n<h3 class=\"uppercase\"><span style=\"font-size: 180%;\"><strong style=\"color:#0080ff;\">M\u00e1y qu\u00e9t m\u00e3 v\u1ea1ch<\/strong><\/span><\/h3>\n<p class=\"uppercase\"><span style=\"font-size: 150%;\">Chuy\u00ean cung c\u1ea5p c\u00e1c d\u00f2ng m\u00e1y qu\u00e9t 1D, 2D c\u1ee7a c\u00e1c nh\u00e3n hi\u1ec7u uy t\u00edn v\u00e0 ch\u1ea5t l\u01b0\u1ee3ng.<\/span><\/p>\n<a href=\"http:\/\/tritueso.com.vn\/lien-he\/\" target=\"_self\" class=\"button secondary is-large\"  >\n    <span>li\u00ean h\u1ec7 ngay<\/span>\n  <\/a>\n\n\n\n              <\/div>\n           <\/div>\n                            \n<style>\n#text-box-1633002570 {\n  width: 60%;\n}\n#text-box-1633002570 .text-box-content {\n  font-size: 100%;\n}\n<\/style>\n    <\/div>\n \n\n        <\/div>\n      <\/div>\n\n            \n<style>\n#banner-1575626455 {\n  padding-top: 340px;\n  background-color: rgb(255,255,255);\n}\n<\/style>\n  <\/div>\n\n\n\n\t\t<\/div>\n\t\t\t<\/div>\n\n\t\n\n\t<div id=\"col-224974924\" class=\"col medium-6 small-12 large-6 small-col-first\"  >\n\t\t<div class=\"col-inner\"  >\n\t\t\t\n\t\t\t\n\n\n  <div class=\"banner has-hover bg-zoom-fade\" id=\"banner-1987604649\">\n          <div class=\"banner-inner fill\">\n        <div class=\"banner-bg fill\" >\n            <div class=\"bg fill bg-fill \"><\/div>\n                        <div class=\"overlay\"><\/div>            \n            <div class=\"effect-sparkle bg-effect fill no-click\"><\/div>        <\/div>\n        <div class=\"banner-layers container\">\n            <div class=\"fill banner-link\"><\/div>            \n\n\n        <\/div>\n      <\/div>\n\n            \n<style>\n#banner-1987604649 {\n  padding-top: 350px;\n}\n#banner-1987604649 .bg.bg-loaded {\n  background-image: url(http:\/\/www.tritueso.com.vn\/wp-content\/uploads\/2021\/03\/barcode-scanner-1024x237.jpg);\n}\n#banner-1987604649 .overlay {\n  background-color: rgba(0, 0, 0, 0.3);\n}\n#banner-1987604649 .bg {\n  background-position: 61% 99%;\n}\n<\/style>\n  <\/div>\n\n\n\n\t\t<\/div>\n\t\t\t<\/div>\n\n\t\n\n<\/div>\n<div class=\"row row-collapse row-full-width\"  id=\"row-500361254\">\n\n\n\t<div id=\"col-922996924\" class=\"col medium-6 small-12 large-6\"  >\n\t\t<div class=\"col-inner\"  >\n\t\t\t\n\t\t\t\n\n\n  <div class=\"banner has-hover bg-zoom-fade\" id=\"banner-2110954194\">\n          <div class=\"banner-inner fill\">\n        <div class=\"banner-bg fill\" >\n            <div class=\"bg fill bg-fill \"><\/div>\n                        <div class=\"overlay\"><\/div>            \n            <div class=\"effect-sliding-glass bg-effect fill no-click\"><\/div>        <\/div>\n        <div class=\"banner-layers container\">\n            <div class=\"fill banner-link\"><\/div>            \n\n\n        <\/div>\n      <\/div>\n\n            \n<style>\n#banner-2110954194 {\n  padding-top: 350px;\n}\n#banner-2110954194 .bg.bg-loaded {\n  background-image: url(http:\/\/www.tritueso.com.vn\/wp-content\/uploads\/2021\/03\/thiet-bi-handheld-1024x341.jpg);\n}\n#banner-2110954194 .overlay {\n  background-color: rgba(0, 0, 0, 0.25);\n}\n#banner-2110954194 .bg {\n  background-position: 36% 59%;\n}\n<\/style>\n  <\/div>\n\n\n\n\t\t<\/div>\n\t\t\t<\/div>\n\n\t\n\n\t<div id=\"col-616043793\" class=\"col medium-6 small-12 large-6\"  >\n\t\t<div class=\"col-inner\"  >\n\t\t\t\n\t\t\t\n\n\n  <div class=\"banner has-hover\" id=\"banner-1885971905\">\n          <div class=\"banner-inner fill\">\n        <div class=\"banner-bg fill\" >\n            <div class=\"bg fill bg-fill \"><\/div>\n                                    \n                    <\/div>\n        <div class=\"banner-layers container\">\n            <div class=\"fill banner-link\"><\/div>            \n\n   <div id=\"text-box-1719047254\" class=\"text-box banner-layer x50 md-x50 lg-x50 y50 md-y50 lg-y50 res-text\">\n                                <div class=\"text-box-content text \">\n              \n              <div class=\"text-inner text-center\">\n                  \n\n<h3 class=\"uppercase\"><span style=\"font-size: 180%;\"><strong style=\"color:#0080ff;\">Thi\u1ebft b\u1ecb ki\u1ec3m kho<\/strong><\/span><\/h3>\n<p class=\"uppercase\"><span style=\"font-size: 150%;\">Chuy\u00ean cung c\u1ea5p c\u00e1c thi\u1ebft b\u1ecb ki\u1ec3m kho v\u1edbi ch\u1ea5t l\u01b0\u1ee3ng t\u1ed1t nh\u1ea5t.<\/span><\/p>\n<a href=\"http:\/\/tritueso.com.vn\/lien-he\/\" target=\"_self\" class=\"button secondary is-large\"  >\n    <span>Li\u00ean h\u1ec7 ngay<\/span>\n  <\/a>\n\n\n\n              <\/div>\n           <\/div>\n                            \n<style>\n#text-box-1719047254 {\n  width: 60%;\n}\n#text-box-1719047254 .text-box-content {\n  font-size: 100%;\n}\n<\/style>\n    <\/div>\n \n\n        <\/div>\n      <\/div>\n\n            \n<style>\n#banner-1885971905 {\n  padding-top: 350px;\n  background-color: rgb(255,255,255);\n}\n<\/style>\n  <\/div>\n\n\n\n\t\t<\/div>\n\t\t\t<\/div>\n\n\t\n\n<\/div>\n<div class=\"row row-collapse row-full-width\"  id=\"row-1560587249\">\n\n\n\t<div id=\"col-699300713\" class=\"col medium-6 small-12 large-6\"  >\n\t\t<div class=\"col-inner\"  >\n\t\t\t\n\t\t\t\n\n\n  <div class=\"banner has-hover\" id=\"banner-1783776343\">\n          <div class=\"banner-inner fill\">\n        <div class=\"banner-bg fill\" >\n            <div class=\"bg fill bg-fill \"><\/div>\n                                    \n                    <\/div>\n        <div class=\"banner-layers container\">\n            <div class=\"fill banner-link\"><\/div>            \n\n   <div id=\"text-box-1460278092\" class=\"text-box banner-layer x50 md-x50 lg-x50 y50 md-y50 lg-y50 res-text\">\n                                <div class=\"text-box-content text \">\n              \n              <div class=\"text-inner text-center\">\n                  \n\n<h3 class=\"uppercase\"><span style=\"font-size: 180%;\"><strong style=\"color:#0080ff;\">Nh\u00e3n m\u1ef1c in<\/strong><\/span><\/h3>\n<p class=\"uppercase\"><span style=\"font-size: 150%;\">Chuy\u00ean cung c\u1ea5p nh\u00e3n, m\u1ef1c in c\u00e1c lo\u1ea1i v\u1edbi gi\u00e1 c\u1ea3 v\u00e0 ch\u1ea5t l\u01b0\u1ee3ng t\u1ed1t nh\u1ea5t th\u1ecb tr\u01b0\u1eddng.<\/span><\/p>\n<a href=\"http:\/\/tritueso.com.vn\/lien-he\/\" target=\"_self\" class=\"button secondary is-large\"  >\n    <span>li\u00ean h\u1ec7 ngay<\/span>\n  <\/a>\n\n\n\n              <\/div>\n           <\/div>\n                            \n<style>\n#text-box-1460278092 {\n  width: 60%;\n}\n#text-box-1460278092 .text-box-content {\n  font-size: 100%;\n}\n<\/style>\n    <\/div>\n \n\n        <\/div>\n      <\/div>\n\n            \n<style>\n#banner-1783776343 {\n  padding-top: 340px;\n  background-color: rgb(255,255,255);\n}\n<\/style>\n  <\/div>\n\n\n\n\t\t<\/div>\n\t\t\t<\/div>\n\n\t\n\n\t<div id=\"col-1895241653\" class=\"col medium-6 small-12 large-6 small-col-first\"  >\n\t\t<div class=\"col-inner\"  >\n\t\t\t\n\t\t\t\n\n\n  <div class=\"banner has-hover bg-zoom-fade\" id=\"banner-1271440245\">\n          <div class=\"banner-inner fill\">\n        <div class=\"banner-bg fill\" >\n            <div class=\"bg fill bg-fill \"><\/div>\n                        <div class=\"overlay\"><\/div>            \n            <div class=\"effect-sparkle bg-effect fill no-click\"><\/div>        <\/div>\n        <div class=\"banner-layers container\">\n            <div class=\"fill banner-link\"><\/div>            \n\n\n        <\/div>\n      <\/div>\n\n            \n<style>\n#banner-1271440245 {\n  padding-top: 350px;\n}\n#banner-1271440245 .bg.bg-loaded {\n  background-image: url(http:\/\/www.tritueso.com.vn\/wp-content\/uploads\/2021\/03\/nhan-muc-in-ma-vach-barcode.jpg);\n}\n#banner-1271440245 .overlay {\n  background-color: rgba(0, 0, 0, 0.3);\n}\n#banner-1271440245 .bg {\n  background-position: 39% 50%;\n}\n<\/style>\n  <\/div>\n\n\n\n\t\t<\/div>\n\t\t\t<\/div>\n\n\t\n\n<\/div>\n\n","protected":false},"excerpt":{"rendered":"","protected":false},"author":1,"featured_media":0,"parent":0,"menu_order":0,"comment_status":"closed","ping_status":"closed","template":"","meta":{"footnotes":""},"class_list":["post-61","page","type-page","status-publish","hentry"],"_links":{"self":[{"href":"http:\/\/www.tritueso.com.vn\/vi\/wp-json\/wp\/v2\/pages\/61","targetHints":{"allow":["GET"]}}],"collection":[{"href":"http:\/\/www.tritueso.com.vn\/vi\/wp-json\/wp\/v2\/pages"}],"about":[{"href":"http:\/\/www.tritueso.com.vn\/vi\/wp-json\/wp\/v2\/types\/page"}],"author":[{"embeddable":true,"href":"http:\/\/www.tritueso.com.vn\/vi\/wp-json\/wp\/v2\/users\/1"}],"replies":[{"embeddable":true,"href":"http:\/\/www.tritueso.com.vn\/vi\/wp-json\/wp\/v2\/comments?post=61"}],"version-history":[{"count":23,"href":"http:\/\/www.tritueso.com.vn\/vi\/wp-json\/wp\/v2\/pages\/61\/revisions"}],"predecessor-version":[{"id":563,"href":"http:\/\/www.tritueso.com.vn\/vi\/wp-json\/wp\/v2\/pages\/61\/revisions\/563"}],"wp:attachment":[{"href":"http:\/\/www.tritueso.com.vn\/vi\/wp-json\/wp\/v2\/media?parent=61"}],"curies":[{"name":"wp","href":"https:\/\/api.w.org\/{rel}","templated":true}]}}