{"id":65,"date":"2021-03-06T11:07:06","date_gmt":"2021-03-06T11:07:06","guid":{"rendered":"http:\/\/13.250.35.20\/?page_id=65"},"modified":"2026-04-06T17:00:28","modified_gmt":"2026-04-06T10:00:28","slug":"giai-phap","status":"publish","type":"page","link":"http:\/\/www.tritueso.com.vn\/vi\/giai-phap","title":{"rendered":"Gi\u1ea3i ph\u00e1p"},"content":{"rendered":"\n<p><\/p>\n\n\n\n\t<section class=\"section\" id=\"section_1850048924\">\n\t\t<div class=\"bg section-bg fill bg-fill  bg-loaded\" >\n\n\t\t\t\n\t\t\t<div class=\"section-bg-overlay absolute fill\"><\/div><div class=\"effect-snow bg-effect fill no-click\"><\/div>\n\t\t\t\n\n\t\t<\/div>\n\n\t\t<div class=\"section-content relative\">\n\t\t\t\n\n\t<div id=\"gap-1267038815\" class=\"gap-element clearfix\" style=\"display:block; height:auto;\">\n\t\t\n<style>\n#gap-1267038815 {\n  padding-top: 35px;\n}\n<\/style>\n\t<\/div>\n\t\n\n<div class=\"row\"  id=\"row-566305619\">\n\n\n\t<div id=\"col-1124384843\" class=\"col medium-6 small-12 large-6\"  >\n\t\t<div class=\"col-inner\"  >\n\t\t\t\n\t\t\t\n\n\t<div class=\"img has-hover x md-x lg-x y md-y lg-y\" id=\"image_522167600\">\n\t\t\t\t\t\t\t\t<div class=\"img-inner dark\" >\n\t\t\t<img loading=\"lazy\" decoding=\"async\" width=\"1020\" height=\"680\" src=\"http:\/\/www.tritueso.com.vn\/wp-content\/uploads\/2026\/04\/banner_Phan_Mem_KBV-1024x683.png\" class=\"attachment-large size-large\" alt=\"\" srcset=\"http:\/\/www.tritueso.com.vn\/wp-content\/uploads\/2026\/04\/banner_Phan_Mem_KBV-1024x683.png 1024w, http:\/\/www.tritueso.com.vn\/wp-content\/uploads\/2026\/04\/banner_Phan_Mem_KBV-300x200.png 300w, http:\/\/www.tritueso.com.vn\/wp-content\/uploads\/2026\/04\/banner_Phan_Mem_KBV-768x512.png 768w, http:\/\/www.tritueso.com.vn\/wp-content\/uploads\/2026\/04\/banner_Phan_Mem_KBV-18x12.png 18w, http:\/\/www.tritueso.com.vn\/wp-content\/uploads\/2026\/04\/banner_Phan_Mem_KBV-600x400.png 600w, http:\/\/www.tritueso.com.vn\/wp-content\/uploads\/2026\/04\/banner_Phan_Mem_KBV.png 1536w\" sizes=\"auto, (max-width: 1020px) 100vw, 1020px\" \/>\t\t\t\t\t\t\n\t\t\t\t\t<\/div>\n\t\t\t\t\t\t\t\t\n<style>\n#image_522167600 {\n  width: 100%;\n}\n<\/style>\n\t<\/div>\n\t\n\n\n\t\t<\/div>\n\t\t\t<\/div>\n\n\t\n\n\t<div id=\"col-1052162224\" class=\"col medium-6 small-12 large-6\"  >\n\t\t<div class=\"col-inner\"  >\n\t\t\t\n\t\t\t\n\n\t<div class=\"img has-hover x md-x lg-x y md-y lg-y\" id=\"image_773823317\">\n\t\t\t\t\t\t\t\t<div class=\"img-inner dark\" >\n\t\t\t<img loading=\"lazy\" decoding=\"async\" width=\"1020\" height=\"680\" src=\"http:\/\/www.tritueso.com.vn\/wp-content\/uploads\/2026\/04\/banner_Phan_Mem_KBc-1024x683.png\" class=\"attachment-large size-large\" alt=\"\" srcset=\"http:\/\/www.tritueso.com.vn\/wp-content\/uploads\/2026\/04\/banner_Phan_Mem_KBc-1024x683.png 1024w, http:\/\/www.tritueso.com.vn\/wp-content\/uploads\/2026\/04\/banner_Phan_Mem_KBc-300x200.png 300w, http:\/\/www.tritueso.com.vn\/wp-content\/uploads\/2026\/04\/banner_Phan_Mem_KBc-768x512.png 768w, http:\/\/www.tritueso.com.vn\/wp-content\/uploads\/2026\/04\/banner_Phan_Mem_KBc-18x12.png 18w, http:\/\/www.tritueso.com.vn\/wp-content\/uploads\/2026\/04\/banner_Phan_Mem_KBc-600x400.png 600w, http:\/\/www.tritueso.com.vn\/wp-content\/uploads\/2026\/04\/banner_Phan_Mem_KBc.png 1536w\" sizes=\"auto, (max-width: 1020px) 100vw, 1020px\" \/>\t\t\t\t\t\t\n\t\t\t\t\t<\/div>\n\t\t\t\t\t\t\t\t\n<style>\n#image_773823317 {\n  width: 100%;\n}\n<\/style>\n\t<\/div>\n\t\n\n\n\t\t<\/div>\n\t\t\t<\/div>\n\n\t\n\n<\/div>\n<div class=\"row\"  id=\"row-1622357338\">\n\n\n\t<div id=\"col-151847435\" class=\"col medium-4 small-12 large-4\"  >\n\t\t<div class=\"col-inner\"  >\n\t\t\t\n\t\t\t\n\n\n  <div class=\"banner has-hover bg-zoom-fade\" id=\"banner-1966164309\">\n          <div class=\"banner-inner fill\">\n        <div class=\"banner-bg fill\" >\n            <div class=\"bg fill bg-fill \"><\/div>\n                        <div class=\"overlay\"><\/div>            \n                    <\/div>\n        <div class=\"banner-layers container\">\n            <div class=\"fill banner-link\"><\/div>            \n\n   <div id=\"text-box-19420696\" class=\"text-box banner-layer x50 md-x50 lg-x50 y95 md-y95 lg-y95 res-text\">\n                                <div class=\"text-box-content text \">\n              \n              <div class=\"text-inner text-center\">\n                  \n\n\t<div id=\"text-1508781058\" class=\"text\">\n\t\t\n\n<h2 class=\"uppercase\"><span style=\"font-size: 75%;\"><\/span><\/h2>\n<h2 class=\"uppercase\"><span style=\"font-size: 80%;\">Qu\u1ea3n l\u00fd v\u1ecb tr\u00ed <br>v\u00e0 t\u00ecnh tr\u1ea1ng <br>c\u00e1c thi\u1ebft b\u1ecb<\/span><\/h2>\n\t\t\n<style>\n#text-1508781058 {\n  color: rgb(0, 95, 255);\n}\n#text-1508781058 > * {\n  color: rgb(0, 95, 255);\n}\n<\/style>\n\t<\/div>\n\t\n\t<div id=\"gap-1197975920\" class=\"gap-element clearfix\" style=\"display:block; height:auto;\">\n\t\t\n<style>\n#gap-1197975920 {\n  padding-top: 5px;\n}\n<\/style>\n\t<\/div>\n\t\n\n<a href=\"http:\/\/tritueso.com.vn\/lien-he\/\" target=\"_self\" class=\"button secondary is-outline is-larger\"  >\n    <span>Li\u00ean h\u1ec7 ngay<\/span>\n  <\/a>\n\n\n\n              <\/div>\n           <\/div>\n                            \n<style>\n#text-box-19420696 {\n  margin: 0px 0px -6px 0px;\n  width: 89%;\n}\n#text-box-19420696 .text-box-content {\n  background-color: rgba(255, 255, 255, 0.75);\n  font-size: 100%;\n}\n#text-box-19420696 .text-inner {\n  padding: 34px 10px 20px 10px;\n}\n<\/style>\n    <\/div>\n \n\n        <\/div>\n      <\/div>\n\n            \n<style>\n#banner-1966164309 {\n  padding-top: 450px;\n}\n#banner-1966164309 .bg.bg-loaded {\n  background-image: url(http:\/\/www.tritueso.com.vn\/wp-content\/uploads\/2021\/03\/giai-phap-iot.png);\n}\n#banner-1966164309 .overlay {\n  background-color: rgba(72, 78, 80, 0.09);\n}\n#banner-1966164309 .bg {\n  background-position: 20% 68%;\n}\n<\/style>\n  <\/div>\n\n\n\n\t\t<\/div>\n\t\t\t<\/div>\n\n\t\n\n\t<div id=\"col-463192247\" class=\"col medium-4 small-12 large-4\"  >\n\t\t<div class=\"col-inner\"  >\n\t\t\t\n\t\t\t\n\n\n  <div class=\"banner has-hover bg-zoom-fade\" id=\"banner-691902072\">\n          <div class=\"banner-inner fill\">\n        <div class=\"banner-bg fill\" >\n            <div class=\"bg fill bg-fill \"><\/div>\n                        <div class=\"overlay\"><\/div>            \n            <div class=\"effect-snow bg-effect fill no-click\"><\/div>        <\/div>\n        <div class=\"banner-layers container\">\n            <div class=\"fill banner-link\"><\/div>            \n\n   <div id=\"text-box-1620018584\" class=\"text-box banner-layer x50 md-x50 lg-x50 y95 md-y95 lg-y95 res-text\">\n                                <div class=\"text-box-content text \">\n              \n              <div class=\"text-inner text-center\">\n                  \n\n\t<div id=\"text-4292143346\" class=\"text\">\n\t\t\n\n<h2 class=\"uppercase\"><span style=\"font-size: 75%;\"><strong><\/strong><\/span><\/h2>\n<h2 class=\"uppercase\"><span style=\"font-size: 70%;\">Qu\u1ea3n l\u00fd v\u00e0 ki\u1ec3m k\u00ea <br>t\u00e0i s\u1ea3n c\u1ed1 \u0111\u1ecbnh<\/span><\/h2>\n\t\t\n<style>\n#text-4292143346 {\n  color: rgb(0, 95, 255);\n}\n#text-4292143346 > * {\n  color: rgb(0, 95, 255);\n}\n<\/style>\n\t<\/div>\n\t\n\t<div id=\"gap-1279416462\" class=\"gap-element clearfix\" style=\"display:block; height:auto;\">\n\t\t\n<style>\n#gap-1279416462 {\n  padding-top: 5px;\n}\n<\/style>\n\t<\/div>\n\t\n\n<a href=\"http:\/\/tritueso.com.vn\/lien-he\/\" target=\"_self\" class=\"button secondary is-outline is-larger\"  >\n    <span>Li\u00ean h\u1ec7 ngay<\/span>\n  <\/a>\n\n\n\n              <\/div>\n           <\/div>\n                            \n<style>\n#text-box-1620018584 {\n  margin: 0px 0px -6px 0px;\n  width: 89%;\n}\n#text-box-1620018584 .text-box-content {\n  background-color: rgba(255, 255, 255, 0.75);\n  font-size: 120%;\n}\n#text-box-1620018584 .text-inner {\n  padding: 34px 10px 20px 10px;\n}\n<\/style>\n    <\/div>\n \n\n        <\/div>\n      <\/div>\n\n            \n<style>\n#banner-691902072 {\n  padding-top: 450px;\n}\n#banner-691902072 .bg.bg-loaded {\n  background-image: url(http:\/\/www.tritueso.com.vn\/wp-content\/uploads\/2021\/03\/giai-phap-kiem-ke-tai-san-co-dinh-bang-rfid.png);\n}\n#banner-691902072 .overlay {\n  background-color: rgba(80, 80, 80, 0.1);\n}\n#banner-691902072 .bg {\n  background-position: 63% 63%;\n}\n<\/style>\n  <\/div>\n\n\n\n\t\t<\/div>\n\t\t\t<\/div>\n\n\t\n\n\t<div id=\"col-617975432\" class=\"col medium-4 small-12 large-4\"  >\n\t\t<div class=\"col-inner\"  >\n\t\t\t\n\t\t\t\n\n\n  <div class=\"banner has-hover bg-zoom-fade\" id=\"banner-449361171\">\n          <div class=\"banner-inner fill\">\n        <div class=\"banner-bg fill\" >\n            <div class=\"bg fill bg-fill \"><\/div>\n                        <div class=\"overlay\"><\/div>            \n                    <\/div>\n        <div class=\"banner-layers container\">\n            <div class=\"fill banner-link\"><\/div>            \n\n   <div id=\"text-box-1867963540\" class=\"text-box banner-layer x50 md-x50 lg-x50 y95 md-y95 lg-y95 res-text\">\n                                <div class=\"text-box-content text \">\n              \n              <div class=\"text-inner text-center\">\n                  \n\n\t<div id=\"text-3790494354\" class=\"text\">\n\t\t\n\n<h2 class=\"uppercase\"><span style=\"font-size: 75%;\"><strong><\/strong><\/span><\/h2>\n<h2 class=\"uppercase\"><span style=\"font-size: 80%;\">Qu\u1ea3n l\u00fd<br>xu\u1ea5t nh\u1eadp t\u1ed3n<br> b\u1eb1ng c\u00f4ng ngh\u1ec7 rfid<\/span><\/h2>\n\t\t\n<style>\n#text-3790494354 {\n  color: rgb(0, 95, 255);\n}\n#text-3790494354 > * {\n  color: rgb(0, 95, 255);\n}\n<\/style>\n\t<\/div>\n\t\n\t<div id=\"gap-1682253887\" class=\"gap-element clearfix\" style=\"display:block; height:auto;\">\n\t\t\n<style>\n#gap-1682253887 {\n  padding-top: 5px;\n}\n<\/style>\n\t<\/div>\n\t\n\n<a href=\"http:\/\/tritueso.com.vn\/lien-he\/\" target=\"_self\" class=\"button secondary is-outline is-larger\"  >\n    <span>Li\u00ean h\u1ec7 ngay<\/span>\n  <\/a>\n\n\n\n              <\/div>\n           <\/div>\n                            \n<style>\n#text-box-1867963540 {\n  margin: 0px 0px -6px 0px;\n  width: 89%;\n}\n#text-box-1867963540 .text-box-content {\n  background-color: rgba(255, 255, 255, 0.75);\n  font-size: 100%;\n}\n#text-box-1867963540 .text-inner {\n  padding: 34px 10px 20px 10px;\n}\n<\/style>\n    <\/div>\n \n\n        <\/div>\n      <\/div>\n\n            \n<style>\n#banner-449361171 {\n  padding-top: 450px;\n}\n#banner-449361171 .bg.bg-loaded {\n  background-image: url(http:\/\/www.tritueso.com.vn\/wp-content\/uploads\/2021\/03\/giai-phap-rfid-quan-ly-tai-san-co-dinh-1024x576.jpg);\n}\n#banner-449361171 .overlay {\n  background-color: rgba(0, 0, 0, 0.09);\n}\n#banner-449361171 .bg {\n  background-position: 50% 59%;\n}\n<\/style>\n  <\/div>\n\n\n\n\t\t<\/div>\n\t\t\t<\/div>\n\n\t\n\n<\/div>\n\n\t\t<\/div>\n\n\t\t\n<style>\n#section_1850048924 {\n  padding-top: 0px;\n  padding-bottom: 0px;\n}\n#section_1850048924 .section-bg-overlay {\n  background-color: rgb(169, 198, 226);\n}\n@media (min-width:550px) {\n  #section_1850048924 {\n    padding-top: 40px;\n    padding-bottom: 40px;\n  }\n}\n<\/style>\n\t<\/section>\n\t\n\n","protected":false},"excerpt":{"rendered":"","protected":false},"author":1,"featured_media":0,"parent":0,"menu_order":0,"comment_status":"closed","ping_status":"closed","template":"","meta":{"footnotes":""},"class_list":["post-65","page","type-page","status-publish","hentry"],"_links":{"self":[{"href":"http:\/\/www.tritueso.com.vn\/vi\/wp-json\/wp\/v2\/pages\/65","targetHints":{"allow":["GET"]}}],"collection":[{"href":"http:\/\/www.tritueso.com.vn\/vi\/wp-json\/wp\/v2\/pages"}],"about":[{"href":"http:\/\/www.tritueso.com.vn\/vi\/wp-json\/wp\/v2\/types\/page"}],"author":[{"embeddable":true,"href":"http:\/\/www.tritueso.com.vn\/vi\/wp-json\/wp\/v2\/users\/1"}],"replies":[{"embeddable":true,"href":"http:\/\/www.tritueso.com.vn\/vi\/wp-json\/wp\/v2\/comments?post=65"}],"version-history":[{"count":27,"href":"http:\/\/www.tritueso.com.vn\/vi\/wp-json\/wp\/v2\/pages\/65\/revisions"}],"predecessor-version":[{"id":591,"href":"http:\/\/www.tritueso.com.vn\/vi\/wp-json\/wp\/v2\/pages\/65\/revisions\/591"}],"wp:attachment":[{"href":"http:\/\/www.tritueso.com.vn\/vi\/wp-json\/wp\/v2\/media?parent=65"}],"curies":[{"name":"wp","href":"https:\/\/api.w.org\/{rel}","templated":true}]}}